{"id":97,"date":"2024-10-13T02:31:51","date_gmt":"2024-10-13T06:31:51","guid":{"rendered":"https:\/\/wlavoie.ca\/projets\/webjam2024\/?page_id=97"},"modified":"2024-10-13T12:08:07","modified_gmt":"2024-10-13T16:08:07","slug":"notre-equipe","status":"publish","type":"page","link":"https:\/\/wlavoie.ca\/projets\/webjam2024\/notre-equipe\/","title":{"rendered":"Notre \u00e9quipe"},"content":{"rendered":"\n<p>Bienvenue chez Aireau-to, pionnier de la mobilit\u00e9 du futur ! Nous r\u00e9volutionnons le transport en concevant des voitures volantes aliment\u00e9es par l&rsquo;eau. Notre technologie innovante utilise l&rsquo;hydrog\u00e8ne extrait de l&rsquo;eau pour propulser des v\u00e9hicules \u00e0 la fois \u00e9cologiques et performants. Avec Aireau-to, vous ne vous contentez pas de voyager : vous vivez des aventures a\u00e9riennes tout en respectant notre plan\u00e8te. Rejoignez-nous dans cette qu\u00eate pour red\u00e9finir la mobilit\u00e9 et explorer de nouveaux horizons !<\/p>\n\n\n\n<p><\/p>\n","protected":false},"excerpt":{"rendered":"<p>Bienvenue chez Aireau-to, pionnier de la mobilit\u00e9 du futur ! Nous r\u00e9volutionnons le transport en concevant des voitures volantes aliment\u00e9es par l&rsquo;eau. Notre technologie innovante utilise l&rsquo;hydrog\u00e8ne extrait de l&rsquo;eau pour propulser des v\u00e9hicules \u00e0 la fois \u00e9cologiques et performants. Avec Aireau-to, vous ne vous contentez pas de voyager : vous vivez des aventures a\u00e9riennes [&hellip;]<\/p>\n","protected":false},"author":1,"featured_media":0,"parent":0,"menu_order":0,"comment_status":"closed","ping_status":"closed","template":"tpl-equipe.php","meta":{"_acf_changed":false,"inline_featured_image":false,"footnotes":""},"class_list":["post-97","page","type-page","status-publish","hentry"],"acf":[],"_links":{"self":[{"href":"https:\/\/wlavoie.ca\/projets\/webjam2024\/wp-json\/wp\/v2\/pages\/97","targetHints":{"allow":["GET"]}}],"collection":[{"href":"https:\/\/wlavoie.ca\/projets\/webjam2024\/wp-json\/wp\/v2\/pages"}],"about":[{"href":"https:\/\/wlavoie.ca\/projets\/webjam2024\/wp-json\/wp\/v2\/types\/page"}],"author":[{"embeddable":true,"href":"https:\/\/wlavoie.ca\/projets\/webjam2024\/wp-json\/wp\/v2\/users\/1"}],"replies":[{"embeddable":true,"href":"https:\/\/wlavoie.ca\/projets\/webjam2024\/wp-json\/wp\/v2\/comments?post=97"}],"version-history":[{"count":7,"href":"https:\/\/wlavoie.ca\/projets\/webjam2024\/wp-json\/wp\/v2\/pages\/97\/revisions"}],"predecessor-version":[{"id":198,"href":"https:\/\/wlavoie.ca\/projets\/webjam2024\/wp-json\/wp\/v2\/pages\/97\/revisions\/198"}],"wp:attachment":[{"href":"https:\/\/wlavoie.ca\/projets\/webjam2024\/wp-json\/wp\/v2\/media?parent=97"}],"curies":[{"name":"wp","href":"https:\/\/api.w.org\/{rel}","templated":true}]}}