{"id":95,"date":"2024-10-13T02:31:07","date_gmt":"2024-10-13T06:31:07","guid":{"rendered":"https:\/\/wlavoie.ca\/projets\/webjam2024\/?page_id=95"},"modified":"2025-10-06T20:44:33","modified_gmt":"2025-10-07T00:44:33","slug":"configuration","status":"publish","type":"page","link":"https:\/\/wlavoie.ca\/projets\/webjam2024\/configuration\/","title":{"rendered":"Configuration"},"content":{"rendered":"\n<p>D\u00e9couvrez notre fonctionnalit\u00e9 de personnalisation de voiture qui vous permet de cr\u00e9er le v\u00e9hicule de vos r\u00eaves, adapt\u00e9 \u00e0 votre style et \u00e0 vos besoins. Choisissez parmi une ambiance musical, des collations ou des jeux, afin de faire de votre voiture un reflet de votre personnalit\u00e9.<\/p>\n\n\n\n<p><\/p>\n","protected":false},"excerpt":{"rendered":"<p>D\u00e9couvrez notre fonctionnalit\u00e9 de personnalisation de voiture qui vous permet de cr\u00e9er le v\u00e9hicule de vos r\u00eaves, adapt\u00e9 \u00e0 votre style et \u00e0 vos besoins. Choisissez parmi une ambiance musical, des collations ou des jeux, afin de faire de votre voiture un reflet de votre personnalit\u00e9.<\/p>\n","protected":false},"author":1,"featured_media":153,"parent":0,"menu_order":0,"comment_status":"closed","ping_status":"closed","template":"tpl-configuration.php","meta":{"_acf_changed":false,"inline_featured_image":false,"footnotes":""},"class_list":["post-95","page","type-page","status-publish","has-post-thumbnail","hentry"],"acf":[],"_links":{"self":[{"href":"https:\/\/wlavoie.ca\/projets\/webjam2024\/wp-json\/wp\/v2\/pages\/95","targetHints":{"allow":["GET"]}}],"collection":[{"href":"https:\/\/wlavoie.ca\/projets\/webjam2024\/wp-json\/wp\/v2\/pages"}],"about":[{"href":"https:\/\/wlavoie.ca\/projets\/webjam2024\/wp-json\/wp\/v2\/types\/page"}],"author":[{"embeddable":true,"href":"https:\/\/wlavoie.ca\/projets\/webjam2024\/wp-json\/wp\/v2\/users\/1"}],"replies":[{"embeddable":true,"href":"https:\/\/wlavoie.ca\/projets\/webjam2024\/wp-json\/wp\/v2\/comments?post=95"}],"version-history":[{"count":6,"href":"https:\/\/wlavoie.ca\/projets\/webjam2024\/wp-json\/wp\/v2\/pages\/95\/revisions"}],"predecessor-version":[{"id":154,"href":"https:\/\/wlavoie.ca\/projets\/webjam2024\/wp-json\/wp\/v2\/pages\/95\/revisions\/154"}],"wp:featuredmedia":[{"embeddable":true,"href":"https:\/\/wlavoie.ca\/projets\/webjam2024\/wp-json\/wp\/v2\/media\/153"}],"wp:attachment":[{"href":"https:\/\/wlavoie.ca\/projets\/webjam2024\/wp-json\/wp\/v2\/media?parent=95"}],"curies":[{"name":"wp","href":"https:\/\/api.w.org\/{rel}","templated":true}]}}